{"id":28,"date":"2019-11-25T13:59:00","date_gmt":"2019-11-25T12:59:00","guid":{"rendered":"https:\/\/www.leuchtfeuer.com\/mauticast\/?page_id=28"},"modified":"2025-12-29T14:31:51","modified_gmt":"2025-12-29T13:31:51","slug":"ueber-uns","status":"publish","type":"page","link":"https:\/\/leuchtfeuer.com\/mauticast\/ueber-uns\/","title":{"rendered":"\u00dcber uns"},"content":{"rendered":"\n<p>Alle 14 Tage bringen Ekke Guembel und Co-Host Leon Oltmanns\u00a0Dir das Neuste aus dem Mautic-Universum. Was Anwender-Themen wie Features und Best Practices beinhaltet, aber auch intelligente L\u00f6sungen im Inbound Marketing, und nat\u00fcrlich Neuigkeiten und Hintergr\u00fcnde rund um Mautic und das Mautic \u00d6kosystem.<\/p>\n\n\n\n<p>Es ist immer f\u00fcr jeden etwa dabei, sei es<\/p>\n\n\n\n<ul class=\"wp-block-list\">\n<li>Einsteiger oder Experte,<\/li>\n\n\n\n<li>Anwender, Entwickler oder Agentur,<\/li>\n\n\n\n<li>etc.<\/li>\n<\/ul>\n\n\n\n<p>Unsere Website findest Du unter&nbsp;<a href=\"http:\/\/www.Mauticast.de\">www.Mauticast.de<\/a>.<\/p>\n\n\n\n<p>Kontaktiere uns gern &#8211; z.B. per E-Mail <a href=\"mailto:hallo@mauticast.de\">hallo@mauticast.de<\/a>, auf Twitter&nbsp;<a href=\"https:\/\/twitter.com\/Mauticast\">@<\/a><a href=\"https:\/\/twitter.com\/Mauticast_De\">Mauticast_de<\/a>, oder Facebook&nbsp;<a href=\"https:\/\/www.facebook.com\/Mauticast\/\">https:\/\/www.facebook.com\/Mauticast\/<\/a>.<br>Wir freuen uns \u00fcber jedes Feedback!<br>Und nat\u00fcrlich: Bitte Like &amp; Share uns. Danke ?<\/p>\n","protected":false},"excerpt":{"rendered":"<p>Alle 14 Tage bringen Ekke Guembel und Co-Host Leon Oltmanns\u00a0Dir das Neuste aus dem Mautic-Universum. Was Anwender-Themen wie Features und Best Practices beinhaltet, aber auch intelligente L\u00f6sungen im Inbound Marketing, und nat\u00fcrlich Neuigkeiten und Hintergr\u00fcnde rund um Mautic und das Mautic \u00d6kosystem. Es ist immer f\u00fcr jeden etwa dabei, sei es Unsere Website findest Du &hellip; <a href=\"https:\/\/leuchtfeuer.com\/mauticast\/ueber-uns\/\" class=\"more-link\"><span class=\"screen-reader-text\">\u201e\u00dcber uns\u201c <\/span>weiterlesen<\/a><\/p>\n","protected":false},"author":2,"featured_media":0,"parent":0,"menu_order":0,"comment_status":"closed","ping_status":"closed","template":"","meta":{"footnotes":""},"class_list":["post-28","page","type-page","status-publish","hentry"],"yoast_head":"<!-- This site is optimized with the Yoast SEO plugin v27.2 - https:\/\/yoast.com\/product\/yoast-seo-wordpress\/ -->\n<title>\u00dcber uns - Der MAUTICAST - Open Source Marketing Automation mit Mautic<\/title>\n<meta name=\"robots\" content=\"index, follow, max-snippet:-1, max-image-preview:large, max-video-preview:-1\" \/>\n<link rel=\"canonical\" href=\"https:\/\/leuchtfeuer.com\/mauticast\/ueber-uns\/\" \/>\n<meta property=\"og:locale\" content=\"de_DE\" \/>\n<meta property=\"og:type\" content=\"article\" \/>\n<meta property=\"og:title\" content=\"\u00dcber uns - Der MAUTICAST - Open Source Marketing Automation mit Mautic\" \/>\n<meta property=\"og:description\" content=\"Alle 14 Tage bringen Ekke Guembel und Co-Host Leon Oltmanns\u00a0Dir das Neuste aus dem Mautic-Universum. Was Anwender-Themen wie Features und Best Practices beinhaltet, aber auch intelligente L\u00f6sungen im Inbound Marketing, und nat\u00fcrlich Neuigkeiten und Hintergr\u00fcnde rund um Mautic und das Mautic \u00d6kosystem. Es ist immer f\u00fcr jeden etwa dabei, sei es Unsere Website findest Du &hellip; \u201e\u00dcber uns\u201c weiterlesen\" \/>\n<meta property=\"og:url\" content=\"https:\/\/leuchtfeuer.com\/mauticast\/ueber-uns\/\" \/>\n<meta property=\"og:site_name\" content=\"Der MAUTICAST - Open Source Marketing Automation mit Mautic\" \/>\n<meta property=\"article:publisher\" content=\"https:\/\/www.facebook.com\/Mauticast\/\" \/>\n<meta property=\"article:modified_time\" content=\"2025-12-29T13:31:51+00:00\" \/>\n<meta property=\"og:image\" content=\"https:\/\/leuchtfeuer.com\/mauticast\/wp-content\/uploads\/2019\/11\/MautiCast_Coverart_DE-scaled.png\" \/>\n\t<meta property=\"og:image:width\" content=\"2560\" \/>\n\t<meta property=\"og:image:height\" content=\"2560\" \/>\n\t<meta property=\"og:image:type\" content=\"image\/png\" \/>\n<meta name=\"twitter:card\" content=\"summary_large_image\" \/>\n<meta name=\"twitter:site\" content=\"@Mauticast_DE\" \/>\n<meta name=\"twitter:label1\" content=\"Gesch\u00e4tzte Lesezeit\" \/>\n\t<meta name=\"twitter:data1\" content=\"1\u00a0Minute\" \/>\n<script type=\"application\/ld+json\" class=\"yoast-schema-graph\">{\"@context\":\"https:\/\/schema.org\",\"@graph\":[{\"@type\":\"WebPage\",\"@id\":\"https:\/\/leuchtfeuer.com\/mauticast\/ueber-uns\/\",\"url\":\"https:\/\/leuchtfeuer.com\/mauticast\/ueber-uns\/\",\"name\":\"\u00dcber uns - Der MAUTICAST - Open Source Marketing Automation mit Mautic\",\"isPartOf\":{\"@id\":\"https:\/\/leuchtfeuer.com\/mauticast\/#website\"},\"datePublished\":\"2019-11-25T12:59:00+00:00\",\"dateModified\":\"2025-12-29T13:31:51+00:00\",\"breadcrumb\":{\"@id\":\"https:\/\/leuchtfeuer.com\/mauticast\/ueber-uns\/#breadcrumb\"},\"inLanguage\":\"de\",\"potentialAction\":[{\"@type\":\"ReadAction\",\"target\":[\"https:\/\/leuchtfeuer.com\/mauticast\/ueber-uns\/\"]}]},{\"@type\":\"BreadcrumbList\",\"@id\":\"https:\/\/leuchtfeuer.com\/mauticast\/ueber-uns\/#breadcrumb\",\"itemListElement\":[{\"@type\":\"ListItem\",\"position\":1,\"name\":\"Mauticast\",\"item\":\"https:\/\/leuchtfeuer.com\/mauticast\/\"},{\"@type\":\"ListItem\",\"position\":2,\"name\":\"\u00dcber uns\"}]},{\"@type\":\"WebSite\",\"@id\":\"https:\/\/leuchtfeuer.com\/mauticast\/#website\",\"url\":\"https:\/\/leuchtfeuer.com\/mauticast\/\",\"name\":\"Der MAUTICAST - Open Source Marketing Automation mit Mautic\",\"description\":\"\",\"publisher\":{\"@id\":\"https:\/\/leuchtfeuer.com\/mauticast\/#organization\"},\"potentialAction\":[{\"@type\":\"SearchAction\",\"target\":{\"@type\":\"EntryPoint\",\"urlTemplate\":\"https:\/\/leuchtfeuer.com\/mauticast\/?s={search_term_string}\"},\"query-input\":{\"@type\":\"PropertyValueSpecification\",\"valueRequired\":true,\"valueName\":\"search_term_string\"}}],\"inLanguage\":\"de\"},{\"@type\":\"Organization\",\"@id\":\"https:\/\/leuchtfeuer.com\/mauticast\/#organization\",\"name\":\"Leuchtfeuer Digital Marketing\",\"url\":\"https:\/\/leuchtfeuer.com\/mauticast\/\",\"logo\":{\"@type\":\"ImageObject\",\"inLanguage\":\"de\",\"@id\":\"https:\/\/leuchtfeuer.com\/mauticast\/#\/schema\/logo\/image\/\",\"url\":\"https:\/\/www.leuchtfeuer.com\/mauticast\/wp-content\/uploads\/2019\/11\/Leuchtfeuer.com_icon-circle_RGB_500px.png\",\"contentUrl\":\"https:\/\/www.leuchtfeuer.com\/mauticast\/wp-content\/uploads\/2019\/11\/Leuchtfeuer.com_icon-circle_RGB_500px.png\",\"width\":500,\"height\":500,\"caption\":\"Leuchtfeuer Digital Marketing\"},\"image\":{\"@id\":\"https:\/\/leuchtfeuer.com\/mauticast\/#\/schema\/logo\/image\/\"},\"sameAs\":[\"https:\/\/www.facebook.com\/Mauticast\/\",\"https:\/\/x.com\/Mauticast_DE\",\"https:\/\/www.instagram.com\/mauticast\/\",\"https:\/\/www.linkedin.com\/company\/leuchtfeuer\/\"]}]}<\/script>\n<!-- \/ Yoast SEO plugin. -->","yoast_head_json":{"title":"\u00dcber uns - Der MAUTICAST - Open Source Marketing Automation mit Mautic","robots":{"index":"index","follow":"follow","max-snippet":"max-snippet:-1","max-image-preview":"max-image-preview:large","max-video-preview":"max-video-preview:-1"},"canonical":"https:\/\/leuchtfeuer.com\/mauticast\/ueber-uns\/","og_locale":"de_DE","og_type":"article","og_title":"\u00dcber uns - Der MAUTICAST - Open Source Marketing Automation mit Mautic","og_description":"Alle 14 Tage bringen Ekke Guembel und Co-Host Leon Oltmanns\u00a0Dir das Neuste aus dem Mautic-Universum. Was Anwender-Themen wie Features und Best Practices beinhaltet, aber auch intelligente L\u00f6sungen im Inbound Marketing, und nat\u00fcrlich Neuigkeiten und Hintergr\u00fcnde rund um Mautic und das Mautic \u00d6kosystem. Es ist immer f\u00fcr jeden etwa dabei, sei es Unsere Website findest Du &hellip; \u201e\u00dcber uns\u201c weiterlesen","og_url":"https:\/\/leuchtfeuer.com\/mauticast\/ueber-uns\/","og_site_name":"Der MAUTICAST - Open Source Marketing Automation mit Mautic","article_publisher":"https:\/\/www.facebook.com\/Mauticast\/","article_modified_time":"2025-12-29T13:31:51+00:00","og_image":[{"width":2560,"height":2560,"url":"https:\/\/leuchtfeuer.com\/mauticast\/wp-content\/uploads\/2019\/11\/MautiCast_Coverart_DE-scaled.png","type":"image\/png"}],"twitter_card":"summary_large_image","twitter_site":"@Mauticast_DE","twitter_misc":{"Gesch\u00e4tzte Lesezeit":"1\u00a0Minute"},"schema":{"@context":"https:\/\/schema.org","@graph":[{"@type":"WebPage","@id":"https:\/\/leuchtfeuer.com\/mauticast\/ueber-uns\/","url":"https:\/\/leuchtfeuer.com\/mauticast\/ueber-uns\/","name":"\u00dcber uns - Der MAUTICAST - Open Source Marketing Automation mit Mautic","isPartOf":{"@id":"https:\/\/leuchtfeuer.com\/mauticast\/#website"},"datePublished":"2019-11-25T12:59:00+00:00","dateModified":"2025-12-29T13:31:51+00:00","breadcrumb":{"@id":"https:\/\/leuchtfeuer.com\/mauticast\/ueber-uns\/#breadcrumb"},"inLanguage":"de","potentialAction":[{"@type":"ReadAction","target":["https:\/\/leuchtfeuer.com\/mauticast\/ueber-uns\/"]}]},{"@type":"BreadcrumbList","@id":"https:\/\/leuchtfeuer.com\/mauticast\/ueber-uns\/#breadcrumb","itemListElement":[{"@type":"ListItem","position":1,"name":"Mauticast","item":"https:\/\/leuchtfeuer.com\/mauticast\/"},{"@type":"ListItem","position":2,"name":"\u00dcber uns"}]},{"@type":"WebSite","@id":"https:\/\/leuchtfeuer.com\/mauticast\/#website","url":"https:\/\/leuchtfeuer.com\/mauticast\/","name":"Der MAUTICAST - Open Source Marketing Automation mit Mautic","description":"","publisher":{"@id":"https:\/\/leuchtfeuer.com\/mauticast\/#organization"},"potentialAction":[{"@type":"SearchAction","target":{"@type":"EntryPoint","urlTemplate":"https:\/\/leuchtfeuer.com\/mauticast\/?s={search_term_string}"},"query-input":{"@type":"PropertyValueSpecification","valueRequired":true,"valueName":"search_term_string"}}],"inLanguage":"de"},{"@type":"Organization","@id":"https:\/\/leuchtfeuer.com\/mauticast\/#organization","name":"Leuchtfeuer Digital Marketing","url":"https:\/\/leuchtfeuer.com\/mauticast\/","logo":{"@type":"ImageObject","inLanguage":"de","@id":"https:\/\/leuchtfeuer.com\/mauticast\/#\/schema\/logo\/image\/","url":"https:\/\/www.leuchtfeuer.com\/mauticast\/wp-content\/uploads\/2019\/11\/Leuchtfeuer.com_icon-circle_RGB_500px.png","contentUrl":"https:\/\/www.leuchtfeuer.com\/mauticast\/wp-content\/uploads\/2019\/11\/Leuchtfeuer.com_icon-circle_RGB_500px.png","width":500,"height":500,"caption":"Leuchtfeuer Digital Marketing"},"image":{"@id":"https:\/\/leuchtfeuer.com\/mauticast\/#\/schema\/logo\/image\/"},"sameAs":["https:\/\/www.facebook.com\/Mauticast\/","https:\/\/x.com\/Mauticast_DE","https:\/\/www.instagram.com\/mauticast\/","https:\/\/www.linkedin.com\/company\/leuchtfeuer\/"]}]}},"_links":{"self":[{"href":"https:\/\/leuchtfeuer.com\/mauticast\/wp-json\/wp\/v2\/pages\/28","targetHints":{"allow":["GET"]}}],"collection":[{"href":"https:\/\/leuchtfeuer.com\/mauticast\/wp-json\/wp\/v2\/pages"}],"about":[{"href":"https:\/\/leuchtfeuer.com\/mauticast\/wp-json\/wp\/v2\/types\/page"}],"author":[{"embeddable":true,"href":"https:\/\/leuchtfeuer.com\/mauticast\/wp-json\/wp\/v2\/users\/2"}],"replies":[{"embeddable":true,"href":"https:\/\/leuchtfeuer.com\/mauticast\/wp-json\/wp\/v2\/comments?post=28"}],"version-history":[{"count":9,"href":"https:\/\/leuchtfeuer.com\/mauticast\/wp-json\/wp\/v2\/pages\/28\/revisions"}],"predecessor-version":[{"id":802,"href":"https:\/\/leuchtfeuer.com\/mauticast\/wp-json\/wp\/v2\/pages\/28\/revisions\/802"}],"wp:attachment":[{"href":"https:\/\/leuchtfeuer.com\/mauticast\/wp-json\/wp\/v2\/media?parent=28"}],"curies":[{"name":"wp","href":"https:\/\/api.w.org\/{rel}","templated":true}]}}